{"id":110,"date":"2017-07-14T06:33:53","date_gmt":"2017-07-14T04:33:53","guid":{"rendered":"http:\/\/jokkmokkguiderna.com.loopiadns.com\/?post_type=product&#038;p=110"},"modified":"2025-06-14T14:32:00","modified_gmt":"2025-06-14T12:32:00","slug":"dog-sled-tour-lapland","status":"publish","type":"product","link":"https:\/\/jokkmokkguiderna.com\/en\/tours\/dog-sled-tour-lapland","title":{"rendered":"With Dog Sled in the Woodlands"},"content":{"rendered":"<p><strong>Our most popular short dog sled tour! Experience the beautiful nature as a passenger on a dogsled behind a team of strong huskies and enjoy the talks around the crackling fire.<\/strong><\/p>\n<p>Experience the feeling of swishing along on a dog sled behind a bunch of powerful huskies and get the chance to learn about the nature, huskies and the life in Swedish Lapland.<\/p>\n<p>We travel over ice-covered lakes, frozen mires and through snow-covered forests, and we tell you about the landscape we travel through.<br \/>\nWhat is hiding in the deep forests around Jokkmokk? Many are the wild animals that move here. We show you the winding tracks across the white snow and with dog sled we travel relatively quiet so sometimes we are lucky enough to see any of the animals.<\/p>\n<p>You sit as a passenger on the dog sled with an experienced guide steering the dog team. During the tour we stop to barbecue pork, sausages and boil coffee over and open fire. Here you get the chance to greet and hang out with <a href=\"https:\/\/jokkmokkguiderna.com\/en\/about-us\/siberian-huskies-sled-dog-kennel\">our social, kind and loving huskies<\/a> and we are happy to answer any questions you may have.<\/p>\n<p>We warmly recommend this dog sled tour to anyone who wants an easier nature and dog sledding experience.<\/p>\n<div id=\"gallery_1\" class=\"gallery\">\n<div class=\"row gallery__items\">\n\t\t\t\t\t<div class=\"col-sm-4 gallery__item-wrap\" data-filterid=\"\">\n\t\t\t<a href=\"https:\/\/jokkmokkguiderna.com\/wp-content\/uploads\/2018\/10\/Dog-sled-tour-woodlands-12.jpg\" class=\"swipebox gallery__item\" title=\"Full speed through the wintry landscape. View from the sled.\">\n\t\t\t\t<img decoding=\"async\" width=\"720\" height=\"480\" src=\"https:\/\/jokkmokkguiderna.com\/wp-content\/uploads\/2018\/10\/Dog-sled-tour-woodlands-12-720x480.jpg\" class=\"attachment-thumb_gallery size-thumb_gallery\" alt=\"Dog sled tour with Jokkmokkguiderna. Photo from the tour With dog sled in the woodlands\" srcset=\"https:\/\/jokkmokkguiderna.com\/wp-content\/uploads\/2018\/10\/Dog-sled-tour-woodlands-12-720x480.jpg 720w, https:\/\/jokkmokkguiderna.com\/wp-content\/uploads\/2018\/10\/Dog-sled-tour-woodlands-12-300x200.jpg 300w, https:\/\/jokkmokkguiderna.com\/wp-content\/uploads\/2018\/10\/Dog-sled-tour-woodlands-12-768x512.jpg 768w, https:\/\/jokkmokkguiderna.com\/wp-content\/uploads\/2018\/10\/Dog-sled-tour-woodlands-12-1024x683.jpg 1024w, https:\/\/jokkmokkguiderna.com\/wp-content\/uploads\/2018\/10\/Dog-sled-tour-woodlands-12-531x354.jpg 531w, https:\/\/jokkmokkguiderna.com\/wp-content\/uploads\/2018\/10\/Dog-sled-tour-woodlands-12-600x400.jpg 600w, https:\/\/jokkmokkguiderna.com\/wp-content\/uploads\/2018\/10\/Dog-sled-tour-woodlands-12-180x120.jpg 180w, https:\/\/jokkmokkguiderna.com\/wp-content\/uploads\/2018\/10\/Dog-sled-tour-woodlands-12.jpg 1140w\" sizes=\"(max-width: 720px) 100vw, 720px\" \/>\t\t\t\t<span class=\"gallery__item__info\">\n\t\t\t\t\t<span class=\"gallery__item__info__content\">\n\t\t\t\t\t\t<span class=\"gallery__item__title\">Full speed through the wintry landscape. View from the sled.<\/span>\n\t\t\t\t\t\t\t\t\t\t<\/span>\n\t\t\t\t\t<span class=\"gallery__item__shadow\"><\/span>\n\t\t\t\t<\/span>\n\t\t\t<\/a>\n\t\t<\/div>\n\t\t\t\t\t<div class=\"col-sm-4 gallery__item-wrap\" data-filterid=\"\">\n\t\t\t<a href=\"https:\/\/jokkmokkguiderna.com\/wp-content\/uploads\/2018\/10\/Dog-sled-tour-woodlands-7.jpg\" class=\"swipebox gallery__item\" title=\"Xalo\">\n\t\t\t\t<img decoding=\"async\" width=\"720\" height=\"480\" src=\"https:\/\/jokkmokkguiderna.com\/wp-content\/uploads\/2018\/10\/Dog-sled-tour-woodlands-7-720x480.jpg\" class=\"attachment-thumb_gallery size-thumb_gallery\" alt=\"Siberian husky with pink sky. Photo from the dog sled tour With dog sled in the woodlands.\" srcset=\"https:\/\/jokkmokkguiderna.com\/wp-content\/uploads\/2018\/10\/Dog-sled-tour-woodlands-7-720x480.jpg 720w, https:\/\/jokkmokkguiderna.com\/wp-content\/uploads\/2018\/10\/Dog-sled-tour-woodlands-7-300x200.jpg 300w, https:\/\/jokkmokkguiderna.com\/wp-content\/uploads\/2018\/10\/Dog-sled-tour-woodlands-7-768x512.jpg 768w, https:\/\/jokkmokkguiderna.com\/wp-content\/uploads\/2018\/10\/Dog-sled-tour-woodlands-7-1024x683.jpg 1024w, https:\/\/jokkmokkguiderna.com\/wp-content\/uploads\/2018\/10\/Dog-sled-tour-woodlands-7-531x354.jpg 531w, https:\/\/jokkmokkguiderna.com\/wp-content\/uploads\/2018\/10\/Dog-sled-tour-woodlands-7-600x400.jpg 600w, https:\/\/jokkmokkguiderna.com\/wp-content\/uploads\/2018\/10\/Dog-sled-tour-woodlands-7-180x120.jpg 180w, https:\/\/jokkmokkguiderna.com\/wp-content\/uploads\/2018\/10\/Dog-sled-tour-woodlands-7.jpg 1140w\" sizes=\"(max-width: 720px) 100vw, 720px\" \/>\t\t\t\t<span class=\"gallery__item__info\">\n\t\t\t\t\t<span class=\"gallery__item__info__content\">\n\t\t\t\t\t\t<span class=\"gallery__item__title\">Xalo<\/span>\n\t\t\t\t\t\t\t\t\t\t<\/span>\n\t\t\t\t\t<span class=\"gallery__item__shadow\"><\/span>\n\t\t\t\t<\/span>\n\t\t\t<\/a>\n\t\t<\/div>\n\t\t\t\t\t<div class=\"col-sm-4 gallery__item-wrap\" data-filterid=\"\">\n\t\t\t<a href=\"https:\/\/jokkmokkguiderna.com\/wp-content\/uploads\/2018\/10\/Dog-sled-tour-woodlands-5.jpg\" class=\"swipebox gallery__item\" title=\"Dog-sled-tour-woodlands-5\">\n\t\t\t\t<img decoding=\"async\" width=\"720\" height=\"480\" src=\"https:\/\/jokkmokkguiderna.com\/wp-content\/uploads\/2018\/10\/Dog-sled-tour-woodlands-5-720x480.jpg\" class=\"attachment-thumb_gallery size-thumb_gallery\" alt=\"Bl\u00e5 timmen. hundspann och upplyst t\u00e4ltk\u00e5ta i Jokkmokk. Fr\u00e5n hundspannsturen Med hundspann i skogslandet.\" srcset=\"https:\/\/jokkmokkguiderna.com\/wp-content\/uploads\/2018\/10\/Dog-sled-tour-woodlands-5-720x480.jpg 720w, https:\/\/jokkmokkguiderna.com\/wp-content\/uploads\/2018\/10\/Dog-sled-tour-woodlands-5-300x200.jpg 300w, https:\/\/jokkmokkguiderna.com\/wp-content\/uploads\/2018\/10\/Dog-sled-tour-woodlands-5-768x512.jpg 768w, https:\/\/jokkmokkguiderna.com\/wp-content\/uploads\/2018\/10\/Dog-sled-tour-woodlands-5-1024x683.jpg 1024w, https:\/\/jokkmokkguiderna.com\/wp-content\/uploads\/2018\/10\/Dog-sled-tour-woodlands-5-531x354.jpg 531w, https:\/\/jokkmokkguiderna.com\/wp-content\/uploads\/2018\/10\/Dog-sled-tour-woodlands-5-600x400.jpg 600w, https:\/\/jokkmokkguiderna.com\/wp-content\/uploads\/2018\/10\/Dog-sled-tour-woodlands-5-180x120.jpg 180w, https:\/\/jokkmokkguiderna.com\/wp-content\/uploads\/2018\/10\/Dog-sled-tour-woodlands-5.jpg 1140w\" sizes=\"(max-width: 720px) 100vw, 720px\" \/>\t\t\t\t<span class=\"gallery__item__info\">\n\t\t\t\t\t<span class=\"gallery__item__info__content\">\n\t\t\t\t\t\t<span class=\"gallery__item__title\">Dog-sled-tour-woodlands-5<\/span>\n\t\t\t\t\t\t\t\t\t\t<\/span>\n\t\t\t\t\t<span class=\"gallery__item__shadow\"><\/span>\n\t\t\t\t<\/span>\n\t\t\t<\/a>\n\t\t<\/div>\n\t<\/div>\n<\/div>\n<hr \/>\n<h2>LOCATION<\/h2>\n<p>Jokkmokk<\/p>\n<hr \/>\n<h2>INCLUDED<\/h2>\n<p><i class=\"fa fa-check icon-tick icon-tick--on\"><\/i> An experienced dog sled guide<br \/>\n<i class=\"fa fa-check icon-tick icon-tick--on\"><\/i> Snowmobile suit, warm boots, hat and gloves<br \/>\n<i class=\"fa fa-check icon-tick icon-tick--on\"><\/i> Barbecue and coffee\/tea and cake<br \/>\n<i class=\"fa fa-check icon-tick icon-tick--on\"><\/i> A seat on a sled (4 seats \/ sled)<br \/>\n<i class=\"fa fa-check icon-tick icon-tick--on\"><\/i> The dog sled tour lasts for approx 3 hours<\/p>\n<hr \/>\n<h2><strong>BOOK NOW!<\/strong><\/h2>\n<p><strong>BEFORE YOU BOOK,<\/strong> make sure you read all information under the tab\u00a0<strong>IMPORTANT INFO<\/strong> so you know what is required of you as a participant.<\/p>\n<p>Don\u2019t hesitate to\u00a0<a href=\"https:\/\/jokkmokkguiderna.com\/en\/about-us\/contact\">contact us<\/a>\u00a0if you have any questions.<\/p>\n<p><strong>Note!<\/strong> We will manually review the booking and will confirm availability within the shortest possible time after we receive your order. Until your booking is confirmed no payment or charges will be applied.<br \/>\n<script defer=\"defer\" type=\"text\/javascript\" src=\"https:\/\/jokkmokkguiderna.rezdy.com\/pluginJs\"><\/script> <iframe loading=\"lazy\" class=\"rezdy\" src=\"https:\/\/jokkmokkguiderna.rezdy.com\/calendarWidget\/242173?iframe=true\" width=\"300px\" height=\"1000px\" frameborder=\"0\" seamless=\"\"><\/iframe><br \/>\n<a href=\"https:\/\/jokkmokkguiderna.com\/en\/how-to-book-adventure\/terms-conditions-long-tours\">\u00bbTerms and conditions<\/a><\/p>\n","protected":false},"excerpt":{"rendered":"<p>Our most popular short dog sled tour! Experience the beautiful nature as a passenger on a dogsled behind a team of strong huskies and enjoy the talks around the crackling fire. Experience the feeling of swishing along on a dog sled behind a bunch of powerful huskies and get the chance to learn about the<\/p>\n<div class=\"padding-top text-center\"><a href=\"https:\/\/jokkmokkguiderna.com\/en\/tours\/dog-sled-tour-lapland\" class=\"atbtn atbtn--medium atbtn--rounded atbtn--transparent\">Read more<i class=\"atbtn__icon atbtn__icon--right fa fa-long-arrow-right\"><\/i><\/a><\/div>\n","protected":false},"featured_media":9121,"comment_status":"open","ping_status":"closed","template":"","meta":[],"product_brand":[],"product_cat":[551],"product_tag":[],"class_list":{"0":"post-110","1":"product","2":"type-product","3":"status-publish","4":"has-post-thumbnail","6":"product_cat-uncategorized-en","7":"tour_category-dog-sled","8":"tour_category-short-dog-sled-tour","9":"tour_category-winter","11":"first","12":"instock","13":"taxable","14":"shipping-taxable","15":"purchasable","16":"product-type-tour"},"yoast_head":"<!-- This site is optimized with the Yoast SEO plugin v27.3 - https:\/\/yoast.com\/product\/yoast-seo-wordpress\/ -->\n<title>Dog sled tour in the woodlands, 3 hrs &#8226; Jokkmokkguiderna<\/title>\n<meta name=\"description\" content=\"Experience the feeling of swishing along on a sled behind a bunch of powerful huskies in the beautiful woodlands of Jokkmokk. Book your dog sled tour here!\" \/>\n<meta name=\"robots\" content=\"index, follow, max-snippet:-1, max-image-preview:large, max-video-preview:-1\" \/>\n<link rel=\"canonical\" href=\"https:\/\/jokkmokkguiderna.com\/en\/tours\/dog-sled-tour-lapland\" \/>\n<meta property=\"og:locale\" content=\"en_US\" \/>\n<meta property=\"og:type\" content=\"article\" \/>\n<meta property=\"og:title\" content=\"Dog sled tour in the woodlands, 3 hrs &#8226; Jokkmokkguiderna\" \/>\n<meta property=\"og:description\" content=\"Experience the feeling of swishing along on a sled behind a bunch of powerful huskies in the beautiful woodlands of Jokkmokk. Book your dog sled tour here!\" \/>\n<meta property=\"og:url\" content=\"https:\/\/jokkmokkguiderna.com\/en\/tours\/dog-sled-tour-lapland\" \/>\n<meta property=\"og:site_name\" content=\"Jokkmokkguiderna\" \/>\n<meta property=\"article:publisher\" content=\"http:\/\/facebook.com\/jokkmokkguiderna\" \/>\n<meta property=\"article:modified_time\" content=\"2025-06-14T12:32:00+00:00\" \/>\n<meta property=\"og:image\" content=\"http:\/\/jokkmokkguiderna.com\/wp-content\/uploads\/2018\/10\/Dog-sled-tour-woodlands-2.jpg\" \/>\n\t<meta property=\"og:image:width\" content=\"1140\" \/>\n\t<meta property=\"og:image:height\" content=\"760\" \/>\n\t<meta property=\"og:image:type\" content=\"image\/jpeg\" \/>\n<meta name=\"twitter:card\" content=\"summary_large_image\" \/>\n<meta name=\"twitter:label1\" content=\"Est. reading time\" \/>\n\t<meta name=\"twitter:data1\" content=\"2 minutes\" \/>\n<script type=\"application\/ld+json\" class=\"yoast-schema-graph\">{\"@context\":\"https:\\\/\\\/schema.org\",\"@graph\":[{\"@type\":\"WebPage\",\"@id\":\"https:\\\/\\\/jokkmokkguiderna.com\\\/en\\\/tours\\\/dog-sled-tour-lapland\",\"url\":\"https:\\\/\\\/jokkmokkguiderna.com\\\/en\\\/tours\\\/dog-sled-tour-lapland\",\"name\":\"Dog sled tour in the woodlands, 3 hrs &#8226; Jokkmokkguiderna\",\"isPartOf\":{\"@id\":\"https:\\\/\\\/jokkmokkguiderna.com\\\/#website\"},\"primaryImageOfPage\":{\"@id\":\"https:\\\/\\\/jokkmokkguiderna.com\\\/en\\\/tours\\\/dog-sled-tour-lapland#primaryimage\"},\"image\":{\"@id\":\"https:\\\/\\\/jokkmokkguiderna.com\\\/en\\\/tours\\\/dog-sled-tour-lapland#primaryimage\"},\"thumbnailUrl\":\"https:\\\/\\\/jokkmokkguiderna.com\\\/wp-content\\\/uploads\\\/2018\\\/10\\\/Dog-sled-tour-woodlands-2.jpg\",\"datePublished\":\"2017-07-14T04:33:53+00:00\",\"dateModified\":\"2025-06-14T12:32:00+00:00\",\"description\":\"Experience the feeling of swishing along on a sled behind a bunch of powerful huskies in the beautiful woodlands of Jokkmokk. Book your dog sled tour here!\",\"breadcrumb\":{\"@id\":\"https:\\\/\\\/jokkmokkguiderna.com\\\/en\\\/tours\\\/dog-sled-tour-lapland#breadcrumb\"},\"inLanguage\":\"en-US\",\"potentialAction\":[{\"@type\":\"ReadAction\",\"target\":[\"https:\\\/\\\/jokkmokkguiderna.com\\\/en\\\/tours\\\/dog-sled-tour-lapland\"]}]},{\"@type\":\"ImageObject\",\"inLanguage\":\"en-US\",\"@id\":\"https:\\\/\\\/jokkmokkguiderna.com\\\/en\\\/tours\\\/dog-sled-tour-lapland#primaryimage\",\"url\":\"https:\\\/\\\/jokkmokkguiderna.com\\\/wp-content\\\/uploads\\\/2018\\\/10\\\/Dog-sled-tour-woodlands-2.jpg\",\"contentUrl\":\"https:\\\/\\\/jokkmokkguiderna.com\\\/wp-content\\\/uploads\\\/2018\\\/10\\\/Dog-sled-tour-woodlands-2.jpg\",\"width\":1140,\"height\":760,\"caption\":\"Dog sled tour through snowy forest. With dog sled in the woodlands.\"},{\"@type\":\"BreadcrumbList\",\"@id\":\"https:\\\/\\\/jokkmokkguiderna.com\\\/en\\\/tours\\\/dog-sled-tour-lapland#breadcrumb\",\"itemListElement\":[{\"@type\":\"ListItem\",\"position\":1,\"name\":\"Home\",\"item\":\"https:\\\/\\\/jokkmokkguiderna.com\\\/en\"},{\"@type\":\"ListItem\",\"position\":2,\"name\":\"Produkter\",\"item\":\"https:\\\/\\\/jokkmokkguiderna.com\\\/shop\"},{\"@type\":\"ListItem\",\"position\":3,\"name\":\"With Dog Sled in the Woodlands\"}]},{\"@type\":\"WebSite\",\"@id\":\"https:\\\/\\\/jokkmokkguiderna.com\\\/#website\",\"url\":\"https:\\\/\\\/jokkmokkguiderna.com\\\/\",\"name\":\"Jokkmokkguiderna\",\"description\":\"Dog sledding adventures and canoe and hiking tours in Swedish Lapland\",\"publisher\":{\"@id\":\"https:\\\/\\\/jokkmokkguiderna.com\\\/#organization\"},\"potentialAction\":[{\"@type\":\"SearchAction\",\"target\":{\"@type\":\"EntryPoint\",\"urlTemplate\":\"https:\\\/\\\/jokkmokkguiderna.com\\\/?s={search_term_string}\"},\"query-input\":{\"@type\":\"PropertyValueSpecification\",\"valueRequired\":true,\"valueName\":\"search_term_string\"}}],\"inLanguage\":\"en-US\"},{\"@type\":\"Organization\",\"@id\":\"https:\\\/\\\/jokkmokkguiderna.com\\\/#organization\",\"name\":\"Jokkmokkguiderna\",\"url\":\"https:\\\/\\\/jokkmokkguiderna.com\\\/\",\"logo\":{\"@type\":\"ImageObject\",\"inLanguage\":\"en-US\",\"@id\":\"https:\\\/\\\/jokkmokkguiderna.com\\\/#\\\/schema\\\/logo\\\/image\\\/\",\"url\":\"https:\\\/\\\/jokkmokkguiderna.com\\\/wp-content\\\/uploads\\\/2017\\\/07\\\/logo-black-retina.png\",\"contentUrl\":\"https:\\\/\\\/jokkmokkguiderna.com\\\/wp-content\\\/uploads\\\/2017\\\/07\\\/logo-black-retina.png\",\"width\":450,\"height\":236,\"caption\":\"Jokkmokkguiderna\"},\"image\":{\"@id\":\"https:\\\/\\\/jokkmokkguiderna.com\\\/#\\\/schema\\\/logo\\\/image\\\/\"},\"sameAs\":[\"http:\\\/\\\/facebook.com\\\/jokkmokkguiderna\",\"http:\\\/\\\/instagram.com\\\/jokkmokkguiderna\\\/\"]}]}<\/script>\n<!-- \/ Yoast SEO plugin. -->","yoast_head_json":{"title":"Dog sled tour in the woodlands, 3 hrs &#8226; Jokkmokkguiderna","description":"Experience the feeling of swishing along on a sled behind a bunch of powerful huskies in the beautiful woodlands of Jokkmokk. Book your dog sled tour here!","robots":{"index":"index","follow":"follow","max-snippet":"max-snippet:-1","max-image-preview":"max-image-preview:large","max-video-preview":"max-video-preview:-1"},"canonical":"https:\/\/jokkmokkguiderna.com\/en\/tours\/dog-sled-tour-lapland","og_locale":"en_US","og_type":"article","og_title":"Dog sled tour in the woodlands, 3 hrs &#8226; Jokkmokkguiderna","og_description":"Experience the feeling of swishing along on a sled behind a bunch of powerful huskies in the beautiful woodlands of Jokkmokk. Book your dog sled tour here!","og_url":"https:\/\/jokkmokkguiderna.com\/en\/tours\/dog-sled-tour-lapland","og_site_name":"Jokkmokkguiderna","article_publisher":"http:\/\/facebook.com\/jokkmokkguiderna","article_modified_time":"2025-06-14T12:32:00+00:00","og_image":[{"width":1140,"height":760,"url":"http:\/\/jokkmokkguiderna.com\/wp-content\/uploads\/2018\/10\/Dog-sled-tour-woodlands-2.jpg","type":"image\/jpeg"}],"twitter_card":"summary_large_image","twitter_misc":{"Est. reading time":"2 minutes"},"schema":{"@context":"https:\/\/schema.org","@graph":[{"@type":"WebPage","@id":"https:\/\/jokkmokkguiderna.com\/en\/tours\/dog-sled-tour-lapland","url":"https:\/\/jokkmokkguiderna.com\/en\/tours\/dog-sled-tour-lapland","name":"Dog sled tour in the woodlands, 3 hrs &#8226; Jokkmokkguiderna","isPartOf":{"@id":"https:\/\/jokkmokkguiderna.com\/#website"},"primaryImageOfPage":{"@id":"https:\/\/jokkmokkguiderna.com\/en\/tours\/dog-sled-tour-lapland#primaryimage"},"image":{"@id":"https:\/\/jokkmokkguiderna.com\/en\/tours\/dog-sled-tour-lapland#primaryimage"},"thumbnailUrl":"https:\/\/jokkmokkguiderna.com\/wp-content\/uploads\/2018\/10\/Dog-sled-tour-woodlands-2.jpg","datePublished":"2017-07-14T04:33:53+00:00","dateModified":"2025-06-14T12:32:00+00:00","description":"Experience the feeling of swishing along on a sled behind a bunch of powerful huskies in the beautiful woodlands of Jokkmokk. Book your dog sled tour here!","breadcrumb":{"@id":"https:\/\/jokkmokkguiderna.com\/en\/tours\/dog-sled-tour-lapland#breadcrumb"},"inLanguage":"en-US","potentialAction":[{"@type":"ReadAction","target":["https:\/\/jokkmokkguiderna.com\/en\/tours\/dog-sled-tour-lapland"]}]},{"@type":"ImageObject","inLanguage":"en-US","@id":"https:\/\/jokkmokkguiderna.com\/en\/tours\/dog-sled-tour-lapland#primaryimage","url":"https:\/\/jokkmokkguiderna.com\/wp-content\/uploads\/2018\/10\/Dog-sled-tour-woodlands-2.jpg","contentUrl":"https:\/\/jokkmokkguiderna.com\/wp-content\/uploads\/2018\/10\/Dog-sled-tour-woodlands-2.jpg","width":1140,"height":760,"caption":"Dog sled tour through snowy forest. With dog sled in the woodlands."},{"@type":"BreadcrumbList","@id":"https:\/\/jokkmokkguiderna.com\/en\/tours\/dog-sled-tour-lapland#breadcrumb","itemListElement":[{"@type":"ListItem","position":1,"name":"Home","item":"https:\/\/jokkmokkguiderna.com\/en"},{"@type":"ListItem","position":2,"name":"Produkter","item":"https:\/\/jokkmokkguiderna.com\/shop"},{"@type":"ListItem","position":3,"name":"With Dog Sled in the Woodlands"}]},{"@type":"WebSite","@id":"https:\/\/jokkmokkguiderna.com\/#website","url":"https:\/\/jokkmokkguiderna.com\/","name":"Jokkmokkguiderna","description":"Dog sledding adventures and canoe and hiking tours in Swedish Lapland","publisher":{"@id":"https:\/\/jokkmokkguiderna.com\/#organization"},"potentialAction":[{"@type":"SearchAction","target":{"@type":"EntryPoint","urlTemplate":"https:\/\/jokkmokkguiderna.com\/?s={search_term_string}"},"query-input":{"@type":"PropertyValueSpecification","valueRequired":true,"valueName":"search_term_string"}}],"inLanguage":"en-US"},{"@type":"Organization","@id":"https:\/\/jokkmokkguiderna.com\/#organization","name":"Jokkmokkguiderna","url":"https:\/\/jokkmokkguiderna.com\/","logo":{"@type":"ImageObject","inLanguage":"en-US","@id":"https:\/\/jokkmokkguiderna.com\/#\/schema\/logo\/image\/","url":"https:\/\/jokkmokkguiderna.com\/wp-content\/uploads\/2017\/07\/logo-black-retina.png","contentUrl":"https:\/\/jokkmokkguiderna.com\/wp-content\/uploads\/2017\/07\/logo-black-retina.png","width":450,"height":236,"caption":"Jokkmokkguiderna"},"image":{"@id":"https:\/\/jokkmokkguiderna.com\/#\/schema\/logo\/image\/"},"sameAs":["http:\/\/facebook.com\/jokkmokkguiderna","http:\/\/instagram.com\/jokkmokkguiderna\/"]}]}},"_links":{"self":[{"href":"https:\/\/jokkmokkguiderna.com\/en\/wp-json\/wp\/v2\/product\/110","targetHints":{"allow":["GET"]}}],"collection":[{"href":"https:\/\/jokkmokkguiderna.com\/en\/wp-json\/wp\/v2\/product"}],"about":[{"href":"https:\/\/jokkmokkguiderna.com\/en\/wp-json\/wp\/v2\/types\/product"}],"replies":[{"embeddable":true,"href":"https:\/\/jokkmokkguiderna.com\/en\/wp-json\/wp\/v2\/comments?post=110"}],"wp:featuredmedia":[{"embeddable":true,"href":"https:\/\/jokkmokkguiderna.com\/en\/wp-json\/wp\/v2\/media\/9121"}],"wp:attachment":[{"href":"https:\/\/jokkmokkguiderna.com\/en\/wp-json\/wp\/v2\/media?parent=110"}],"wp:term":[{"taxonomy":"product_brand","embeddable":true,"href":"https:\/\/jokkmokkguiderna.com\/en\/wp-json\/wp\/v2\/product_brand?post=110"},{"taxonomy":"product_cat","embeddable":true,"href":"https:\/\/jokkmokkguiderna.com\/en\/wp-json\/wp\/v2\/product_cat?post=110"},{"taxonomy":"product_tag","embeddable":true,"href":"https:\/\/jokkmokkguiderna.com\/en\/wp-json\/wp\/v2\/product_tag?post=110"}],"curies":[{"name":"wp","href":"https:\/\/api.w.org\/{rel}","templated":true}]}}