{"id":12432,"date":"2024-06-13T16:38:44","date_gmt":"2024-06-13T14:38:44","guid":{"rendered":"https:\/\/jokkmokkguiderna.com\/?post_type=product&#038;p=12432"},"modified":"2025-07-15T15:00:30","modified_gmt":"2025-07-15T13:00:30","slug":"dog-sledding-adventure-high-mountains-deep-forests","status":"publish","type":"product","link":"https:\/\/jokkmokkguiderna.com\/en\/tours\/dog-sledding-adventure-high-mountains-deep-forests","title":{"rendered":"Dog Sledding Adventure &#8211; High Mountains &#038; Deep Forests, 9 days"},"content":{"rendered":"<p><b>Experience the whole scale of the landscape of Swedish Lapland! A true dog sledding adventure starting at Saltoluokta Mountain Lodge and running over the bare mountains down to the snow covered woodlands of Jokkmokk. <\/b><\/p>\n<p>This is one of our favorite routes and the same tour as the <a href=\"https:\/\/jokkmokkguiderna.com\/en\/tours\/dog-sledding-tour-lapland\" target=\"_blank\" rel=\"noopener\">Crossing Lapland with dog sled<\/a> but reversed. You will be dog sledding through the diverse nature we have up here in the north and experience impressive mountain views, mountain birch forests, frozen moorlands, lakes and rivers and old virgin pine forests.<\/p>\n<p>The first days are spent along the <a href=\"https:\/\/jokkmokkguiderna.com\/en\/lapland-info\/kings-trail-kungsleden\" target=\"_blank\" rel=\"noopener\">King\u00b4s Trail \u2013 Kungsleden<\/a>, in comfortable mountain cabins and then we\u2019ll reach \u00c5rrenjarka Mountain Lodge, owned by the Mannberg family living in this remote place in generations. Here we will get the luxury of getting a warm shower before we will served a delicious dinner in the beautiful restaurant.<br \/>\nAfter refreshed in \u00c5rrenjarka we will be sledding down through the deep woodlands. Small, simple but cozy timber huts will give us shelter for the nights before we will reach our kennel down in Jokkmokk.<\/p>\n<p>As on all our tours we all work as a team and you will help out with everything from taking care of the dogs, cut wood, fetching water and cooking. During this adventure you will have a good chance of seeing the <a href=\"https:\/\/jokkmokkguiderna.com\/en\/lapland-info\/northern-lights-aurora-borealis-facts\" target=\"_blank\" rel=\"noopener\">Northern lights<\/a> and if we are lucky we might see some of the wild animals in the area or at least their tracks. The animals moving around here are moose, reindeer, wolverine, lynx, hare and different kind of birds like ptarmigan and capercaillie.<\/p>\n<div id=\"gallery_1\" class=\"gallery\">\n<div class=\"row gallery__items\">\n\t\t\t\t\t<div class=\"col-sm-4 gallery__item-wrap\" data-filterid=\"\">\n\t\t\t<a href=\"https:\/\/jokkmokkguiderna.com\/wp-content\/uploads\/2024\/06\/high-mounains-dog-sledding-adventure-9dgr-8-1.jpg\" class=\"swipebox gallery__item\" title=\"high-mounains-dog-sledding-adventure-9dgr-8\">\n\t\t\t\t<img decoding=\"async\" width=\"720\" height=\"480\" src=\"https:\/\/jokkmokkguiderna.com\/wp-content\/uploads\/2024\/06\/high-mounains-dog-sledding-adventure-9dgr-8-1-720x480.jpg\" class=\"attachment-thumb_gallery size-thumb_gallery\" alt=\"\" srcset=\"https:\/\/jokkmokkguiderna.com\/wp-content\/uploads\/2024\/06\/high-mounains-dog-sledding-adventure-9dgr-8-1-720x480.jpg 720w, https:\/\/jokkmokkguiderna.com\/wp-content\/uploads\/2024\/06\/high-mounains-dog-sledding-adventure-9dgr-8-1-300x200.jpg 300w, https:\/\/jokkmokkguiderna.com\/wp-content\/uploads\/2024\/06\/high-mounains-dog-sledding-adventure-9dgr-8-1-1024x683.jpg 1024w, https:\/\/jokkmokkguiderna.com\/wp-content\/uploads\/2024\/06\/high-mounains-dog-sledding-adventure-9dgr-8-1-768x512.jpg 768w, https:\/\/jokkmokkguiderna.com\/wp-content\/uploads\/2024\/06\/high-mounains-dog-sledding-adventure-9dgr-8-1-531x354.jpg 531w, https:\/\/jokkmokkguiderna.com\/wp-content\/uploads\/2024\/06\/high-mounains-dog-sledding-adventure-9dgr-8-1-600x400.jpg 600w, https:\/\/jokkmokkguiderna.com\/wp-content\/uploads\/2024\/06\/high-mounains-dog-sledding-adventure-9dgr-8-1-180x120.jpg 180w, https:\/\/jokkmokkguiderna.com\/wp-content\/uploads\/2024\/06\/high-mounains-dog-sledding-adventure-9dgr-8-1.jpg 1140w\" sizes=\"(max-width: 720px) 100vw, 720px\" \/>\t\t\t\t<span class=\"gallery__item__info\">\n\t\t\t\t\t<span class=\"gallery__item__info__content\">\n\t\t\t\t\t\t<span class=\"gallery__item__title\">Over the high mountains<\/span>\n\t\t\t\t\t\t\t\t\t\t<\/span>\n\t\t\t\t\t<span class=\"gallery__item__shadow\"><\/span>\n\t\t\t\t<\/span>\n\t\t\t<\/a>\n\t\t<\/div>\n\t\t\t\t\t<div class=\"col-sm-4 gallery__item-wrap\" data-filterid=\"\">\n\t\t\t<a href=\"https:\/\/jokkmokkguiderna.com\/wp-content\/uploads\/2024\/06\/high-mounains-dog-sledding-adventure-9dgr-3-1.jpg\" class=\"swipebox gallery__item\" title=\"high-mounains-dog-sledding-adventure-9dgr-3\">\n\t\t\t\t<img decoding=\"async\" width=\"720\" height=\"480\" src=\"https:\/\/jokkmokkguiderna.com\/wp-content\/uploads\/2024\/06\/high-mounains-dog-sledding-adventure-9dgr-3-1-720x480.jpg\" class=\"attachment-thumb_gallery size-thumb_gallery\" alt=\"\" srcset=\"https:\/\/jokkmokkguiderna.com\/wp-content\/uploads\/2024\/06\/high-mounains-dog-sledding-adventure-9dgr-3-1-720x480.jpg 720w, https:\/\/jokkmokkguiderna.com\/wp-content\/uploads\/2024\/06\/high-mounains-dog-sledding-adventure-9dgr-3-1-300x200.jpg 300w, https:\/\/jokkmokkguiderna.com\/wp-content\/uploads\/2024\/06\/high-mounains-dog-sledding-adventure-9dgr-3-1-1024x683.jpg 1024w, https:\/\/jokkmokkguiderna.com\/wp-content\/uploads\/2024\/06\/high-mounains-dog-sledding-adventure-9dgr-3-1-768x512.jpg 768w, https:\/\/jokkmokkguiderna.com\/wp-content\/uploads\/2024\/06\/high-mounains-dog-sledding-adventure-9dgr-3-1-531x354.jpg 531w, https:\/\/jokkmokkguiderna.com\/wp-content\/uploads\/2024\/06\/high-mounains-dog-sledding-adventure-9dgr-3-1-600x400.jpg 600w, https:\/\/jokkmokkguiderna.com\/wp-content\/uploads\/2024\/06\/high-mounains-dog-sledding-adventure-9dgr-3-1-180x120.jpg 180w, https:\/\/jokkmokkguiderna.com\/wp-content\/uploads\/2024\/06\/high-mounains-dog-sledding-adventure-9dgr-3-1.jpg 1140w\" sizes=\"(max-width: 720px) 100vw, 720px\" \/>\t\t\t\t<span class=\"gallery__item__info\">\n\t\t\t\t\t<span class=\"gallery__item__info__content\">\n\t\t\t\t\t\t<span class=\"gallery__item__title\">Cozy in the Jouksare cabin<\/span>\n\t\t\t\t\t\t\t\t\t\t<\/span>\n\t\t\t\t\t<span class=\"gallery__item__shadow\"><\/span>\n\t\t\t\t<\/span>\n\t\t\t<\/a>\n\t\t<\/div>\n\t\t\t\t\t<div class=\"col-sm-4 gallery__item-wrap\" data-filterid=\"\">\n\t\t\t<a href=\"https:\/\/jokkmokkguiderna.com\/wp-content\/uploads\/2024\/06\/high-mounains-dog-sledding-adventure-9dgr-4-1.jpg\" class=\"swipebox gallery__item\" title=\"high-mounains-dog-sledding-adventure-9dgr-4\">\n\t\t\t\t<img decoding=\"async\" width=\"720\" height=\"480\" src=\"https:\/\/jokkmokkguiderna.com\/wp-content\/uploads\/2024\/06\/high-mounains-dog-sledding-adventure-9dgr-4-1-720x480.jpg\" class=\"attachment-thumb_gallery size-thumb_gallery\" alt=\"\" srcset=\"https:\/\/jokkmokkguiderna.com\/wp-content\/uploads\/2024\/06\/high-mounains-dog-sledding-adventure-9dgr-4-1-720x480.jpg 720w, https:\/\/jokkmokkguiderna.com\/wp-content\/uploads\/2024\/06\/high-mounains-dog-sledding-adventure-9dgr-4-1-300x200.jpg 300w, https:\/\/jokkmokkguiderna.com\/wp-content\/uploads\/2024\/06\/high-mounains-dog-sledding-adventure-9dgr-4-1-1024x683.jpg 1024w, https:\/\/jokkmokkguiderna.com\/wp-content\/uploads\/2024\/06\/high-mounains-dog-sledding-adventure-9dgr-4-1-768x512.jpg 768w, https:\/\/jokkmokkguiderna.com\/wp-content\/uploads\/2024\/06\/high-mounains-dog-sledding-adventure-9dgr-4-1-531x354.jpg 531w, https:\/\/jokkmokkguiderna.com\/wp-content\/uploads\/2024\/06\/high-mounains-dog-sledding-adventure-9dgr-4-1-600x400.jpg 600w, https:\/\/jokkmokkguiderna.com\/wp-content\/uploads\/2024\/06\/high-mounains-dog-sledding-adventure-9dgr-4-1-180x120.jpg 180w, https:\/\/jokkmokkguiderna.com\/wp-content\/uploads\/2024\/06\/high-mounains-dog-sledding-adventure-9dgr-4-1.jpg 1140w\" sizes=\"(max-width: 720px) 100vw, 720px\" \/>\t\t\t\t<span class=\"gallery__item__info\">\n\t\t\t\t\t<span class=\"gallery__item__info__content\">\n\t\t\t\t\t\t<span class=\"gallery__item__title\">Joppe<\/span>\n\t\t\t\t\t\t\t\t\t\t<\/span>\n\t\t\t\t\t<span class=\"gallery__item__shadow\"><\/span>\n\t\t\t\t<\/span>\n\t\t\t<\/a>\n\t\t<\/div>\n\t<\/div>\n<\/div>\n<hr \/>\n<h2 class=\"western\">DEPARTURE\/RETURN LOCATION<\/h2>\n<p>This dog sledding adventure starts in Saltoluokta and ends in Jokkmokk<\/p>\n<a href=\"http:\/\/jokkmokkguiderna.com\/en\/lapland-info\/travel-to-jokkmokk\/to-saltoluokta-from-jokkmokk\" class=\"atbtn atbtn--secondary atbtn--small\">\u00bb How to get here<\/a>\n<hr \/>\n<h2>INCLUDED<\/h2>\n<p><i class=\"fa fa-check icon-tick icon-tick--on\"><\/i> Experience wilderness guide<br \/>\n<i class=\"fa fa-check icon-tick icon-tick--on\"><\/i> One dog team per person<br \/>\n<i class=\"fa fa-check icon-tick icon-tick--on\"><\/i> Warm jacket, pants, warm shoes, hat, gloves<br \/>\n<i class=\"fa fa-check icon-tick icon-tick--on\"><\/i> Sleeping bag and equipment for the tour<br \/>\n<i class=\"fa fa-check icon-tick icon-tick--on\"><\/i> Fullboard from breakfast day 1 until breakfast day 9 (Typical Lapland and Swedish food)<br \/>\n<i class=\"fa fa-check icon-tick icon-tick--on\"><\/i>Accommodation, 1 nights at Saltoluokta Mountain lodge (bed in group room) , 5 nights in wilderness cabins, 1 night at \u00c5rrenjarka Mountain Lodge and 1 night at \u00c5sg\u00e5rd Hostel (bed in group room)<\/p>\n<hr \/>\n<h2>NOT INCLUDED<\/h2>\n<p><i class=\"fa fa-times icon-tick icon-tick--off\"><\/i> Travel as well as transfer to Jokkmokk and from Saltoluokta Mountain Lodge<br \/>\n<i class=\"fa fa-times icon-tick icon-tick--off\"><\/i> Travel insurance<br \/>\n<i class=\"fa fa-times icon-tick icon-tick--off\"><\/i> Drinks at restaurants<\/p>\n<hr \/>\n<h2>OPTIONS<\/h2>\n<p>\u25cf Single room at Saltoluokta 650 Sek<br \/>\n\u25cf Private dobbel room at Saltoluokta 520 Sek<br \/>\n\u25cf Single room at \u00c5sg\u00e5rd Hostel 295 Sek<br \/>\n\u25cf Private double room at \u00c5sg\u00e5rd Hostel 100 Sek<\/p>\n<hr \/>\n<h2><strong>BOOK NOW!<\/strong><\/h2>\n<p><strong>BEFORE YOU BOOK,<\/strong> make sure you read all information under the tabs <strong>ITINERARY<\/strong> and <strong>IMPORTANT INFO<\/strong> so you know what is required of you as a participant.<\/p>\n<p><strong><a href=\"https:\/\/jokkmokkguiderna.com\/en\/how-to-dog-sled\">\u00bbWhat it takes to join this adventure<\/a><\/strong><\/p>\n<p>Don\u2019t hesitate to\u00a0<a href=\"https:\/\/jokkmokkguiderna.com\/en\/about-us\/contact\">contact us<\/a>\u00a0if you have any questions.<\/p>\n<p><strong>Note!<\/strong> We will manually review the booking and confirm availability within the shortest possible time after receiving your order. Until your booking is confirmed no payment or charges will be applied.<\/p>\n<p><script defer=\"\" type=\"text\/javascript\" src=\"https:\/\/jokkmokkguiderna.rezdy.com\/pluginJs\"><\/script><br \/>\n<iframe loading=\"lazy\" class=\"rezdy\" src=\"https:\/\/jokkmokkguiderna.rezdy.com\/calendarWidget\/651885?iframe=true\" width=\"300px\" height=\"1000px\" frameborder=\"0\" seamless=\"\"><\/iframe><br \/>\n<a href=\"https:\/\/jokkmokkguiderna.com\/en\/how-to-book-adventure\/terms-conditions-long-tours\">\u00bbTerms and conditions<\/a><\/p>\n","protected":false},"excerpt":{"rendered":"<p>Experience the whole scale of the landscape of Swedish Lapland! A true dog sledding adventure starting at Saltoluokta Mountain Lodge and running over the bare mountains down to the snow covered woodlands of Jokkmokk. This is one of our favorite routes and the same tour as the Crossing Lapland with dog sled but reversed. You<\/p>\n<div class=\"padding-top text-center\"><a href=\"https:\/\/jokkmokkguiderna.com\/en\/tours\/dog-sledding-adventure-high-mountains-deep-forests\" class=\"atbtn atbtn--medium atbtn--rounded atbtn--transparent\">Read more<i class=\"atbtn__icon atbtn__icon--right fa fa-long-arrow-right\"><\/i><\/a><\/div>\n","protected":false},"featured_media":12440,"comment_status":"open","ping_status":"closed","template":"","meta":[],"product_brand":[],"product_cat":[551],"product_tag":[],"class_list":{"0":"post-12432","1":"product","2":"type-product","3":"status-publish","4":"has-post-thumbnail","6":"product_cat-uncategorized-en","7":"tour_category-dog-sled","8":"tour_category-dog-sled-tour","9":"tour_category-long-dog-sled-tour","10":"tour_category-winter","12":"first","13":"instock","14":"taxable","15":"shipping-taxable","16":"purchasable","17":"product-type-tour"},"yoast_head":"<!-- This site is optimized with the Yoast SEO plugin v27.3 - https:\/\/yoast.com\/product\/yoast-seo-wordpress\/ -->\n<title>Dog Sledding Adventure - High Mountains &amp; Deep Forests<\/title>\n<meta name=\"description\" content=\"A true dog sledding adventure starting at Saltoluokta Mountain Lodge and running over the bare mountains down to the snow covered woodlands of Jokkmokk.\" \/>\n<meta name=\"robots\" content=\"index, follow, max-snippet:-1, max-image-preview:large, max-video-preview:-1\" \/>\n<link rel=\"canonical\" href=\"https:\/\/jokkmokkguiderna.com\/en\/tours\/dog-sledding-adventure-high-mountains-deep-forests\" \/>\n<meta property=\"og:locale\" content=\"en_US\" \/>\n<meta property=\"og:type\" content=\"article\" \/>\n<meta property=\"og:title\" content=\"Dog Sledding Adventure - High Mountains &amp; Deep Forests\" \/>\n<meta property=\"og:description\" content=\"A true dog sledding adventure starting at Saltoluokta Mountain Lodge and running over the bare mountains down to the snow covered woodlands of Jokkmokk.\" \/>\n<meta property=\"og:url\" content=\"https:\/\/jokkmokkguiderna.com\/en\/tours\/dog-sledding-adventure-high-mountains-deep-forests\" \/>\n<meta property=\"og:site_name\" content=\"Jokkmokkguiderna\" \/>\n<meta property=\"article:publisher\" content=\"http:\/\/facebook.com\/jokkmokkguiderna\" \/>\n<meta property=\"article:modified_time\" content=\"2025-07-15T13:00:30+00:00\" \/>\n<meta property=\"og:image\" content=\"http:\/\/jokkmokkguiderna.com\/wp-content\/uploads\/2024\/06\/high-mounains-dog-sledding-adventure-9dgr-18.jpg\" \/>\n\t<meta property=\"og:image:width\" content=\"1140\" \/>\n\t<meta property=\"og:image:height\" content=\"760\" \/>\n\t<meta property=\"og:image:type\" content=\"image\/jpeg\" \/>\n<meta name=\"twitter:card\" content=\"summary_large_image\" \/>\n<meta name=\"twitter:label1\" content=\"Est. reading time\" \/>\n\t<meta name=\"twitter:data1\" content=\"3 minutes\" \/>\n<script type=\"application\/ld+json\" class=\"yoast-schema-graph\">{\"@context\":\"https:\\\/\\\/schema.org\",\"@graph\":[{\"@type\":\"WebPage\",\"@id\":\"https:\\\/\\\/jokkmokkguiderna.com\\\/en\\\/tours\\\/dog-sledding-adventure-high-mountains-deep-forests\",\"url\":\"https:\\\/\\\/jokkmokkguiderna.com\\\/en\\\/tours\\\/dog-sledding-adventure-high-mountains-deep-forests\",\"name\":\"Dog Sledding Adventure - High Mountains & Deep Forests\",\"isPartOf\":{\"@id\":\"https:\\\/\\\/jokkmokkguiderna.com\\\/#website\"},\"primaryImageOfPage\":{\"@id\":\"https:\\\/\\\/jokkmokkguiderna.com\\\/en\\\/tours\\\/dog-sledding-adventure-high-mountains-deep-forests#primaryimage\"},\"image\":{\"@id\":\"https:\\\/\\\/jokkmokkguiderna.com\\\/en\\\/tours\\\/dog-sledding-adventure-high-mountains-deep-forests#primaryimage\"},\"thumbnailUrl\":\"https:\\\/\\\/jokkmokkguiderna.com\\\/wp-content\\\/uploads\\\/2024\\\/06\\\/high-mounains-dog-sledding-adventure-9dgr-18.jpg\",\"datePublished\":\"2024-06-13T14:38:44+00:00\",\"dateModified\":\"2025-07-15T13:00:30+00:00\",\"description\":\"A true dog sledding adventure starting at Saltoluokta Mountain Lodge and running over the bare mountains down to the snow covered woodlands of Jokkmokk.\",\"breadcrumb\":{\"@id\":\"https:\\\/\\\/jokkmokkguiderna.com\\\/en\\\/tours\\\/dog-sledding-adventure-high-mountains-deep-forests#breadcrumb\"},\"inLanguage\":\"en-US\",\"potentialAction\":[{\"@type\":\"ReadAction\",\"target\":[\"https:\\\/\\\/jokkmokkguiderna.com\\\/en\\\/tours\\\/dog-sledding-adventure-high-mountains-deep-forests\"]}]},{\"@type\":\"ImageObject\",\"inLanguage\":\"en-US\",\"@id\":\"https:\\\/\\\/jokkmokkguiderna.com\\\/en\\\/tours\\\/dog-sledding-adventure-high-mountains-deep-forests#primaryimage\",\"url\":\"https:\\\/\\\/jokkmokkguiderna.com\\\/wp-content\\\/uploads\\\/2024\\\/06\\\/high-mounains-dog-sledding-adventure-9dgr-18.jpg\",\"contentUrl\":\"https:\\\/\\\/jokkmokkguiderna.com\\\/wp-content\\\/uploads\\\/2024\\\/06\\\/high-mounains-dog-sledding-adventure-9dgr-18.jpg\",\"width\":1140,\"height\":760,\"caption\":\"hundspanns\u00e4ventyr \u00f6ver h\u00f6ga fj\u00e4ll och djupa skogar\"},{\"@type\":\"BreadcrumbList\",\"@id\":\"https:\\\/\\\/jokkmokkguiderna.com\\\/en\\\/tours\\\/dog-sledding-adventure-high-mountains-deep-forests#breadcrumb\",\"itemListElement\":[{\"@type\":\"ListItem\",\"position\":1,\"name\":\"Home\",\"item\":\"https:\\\/\\\/jokkmokkguiderna.com\\\/en\"},{\"@type\":\"ListItem\",\"position\":2,\"name\":\"Produkter\",\"item\":\"https:\\\/\\\/jokkmokkguiderna.com\\\/shop\"},{\"@type\":\"ListItem\",\"position\":3,\"name\":\"Dog Sledding Adventure &#8211; High Mountains &#038; Deep Forests, 9 days\"}]},{\"@type\":\"WebSite\",\"@id\":\"https:\\\/\\\/jokkmokkguiderna.com\\\/#website\",\"url\":\"https:\\\/\\\/jokkmokkguiderna.com\\\/\",\"name\":\"Jokkmokkguiderna\",\"description\":\"Dog sledding adventures and canoe and hiking tours in Swedish Lapland\",\"publisher\":{\"@id\":\"https:\\\/\\\/jokkmokkguiderna.com\\\/#organization\"},\"potentialAction\":[{\"@type\":\"SearchAction\",\"target\":{\"@type\":\"EntryPoint\",\"urlTemplate\":\"https:\\\/\\\/jokkmokkguiderna.com\\\/?s={search_term_string}\"},\"query-input\":{\"@type\":\"PropertyValueSpecification\",\"valueRequired\":true,\"valueName\":\"search_term_string\"}}],\"inLanguage\":\"en-US\"},{\"@type\":\"Organization\",\"@id\":\"https:\\\/\\\/jokkmokkguiderna.com\\\/#organization\",\"name\":\"Jokkmokkguiderna\",\"url\":\"https:\\\/\\\/jokkmokkguiderna.com\\\/\",\"logo\":{\"@type\":\"ImageObject\",\"inLanguage\":\"en-US\",\"@id\":\"https:\\\/\\\/jokkmokkguiderna.com\\\/#\\\/schema\\\/logo\\\/image\\\/\",\"url\":\"https:\\\/\\\/jokkmokkguiderna.com\\\/wp-content\\\/uploads\\\/2017\\\/07\\\/logo-black-retina.png\",\"contentUrl\":\"https:\\\/\\\/jokkmokkguiderna.com\\\/wp-content\\\/uploads\\\/2017\\\/07\\\/logo-black-retina.png\",\"width\":450,\"height\":236,\"caption\":\"Jokkmokkguiderna\"},\"image\":{\"@id\":\"https:\\\/\\\/jokkmokkguiderna.com\\\/#\\\/schema\\\/logo\\\/image\\\/\"},\"sameAs\":[\"http:\\\/\\\/facebook.com\\\/jokkmokkguiderna\",\"http:\\\/\\\/instagram.com\\\/jokkmokkguiderna\\\/\"]}]}<\/script>\n<!-- \/ Yoast SEO plugin. -->","yoast_head_json":{"title":"Dog Sledding Adventure - High Mountains & Deep Forests","description":"A true dog sledding adventure starting at Saltoluokta Mountain Lodge and running over the bare mountains down to the snow covered woodlands of Jokkmokk.","robots":{"index":"index","follow":"follow","max-snippet":"max-snippet:-1","max-image-preview":"max-image-preview:large","max-video-preview":"max-video-preview:-1"},"canonical":"https:\/\/jokkmokkguiderna.com\/en\/tours\/dog-sledding-adventure-high-mountains-deep-forests","og_locale":"en_US","og_type":"article","og_title":"Dog Sledding Adventure - High Mountains & Deep Forests","og_description":"A true dog sledding adventure starting at Saltoluokta Mountain Lodge and running over the bare mountains down to the snow covered woodlands of Jokkmokk.","og_url":"https:\/\/jokkmokkguiderna.com\/en\/tours\/dog-sledding-adventure-high-mountains-deep-forests","og_site_name":"Jokkmokkguiderna","article_publisher":"http:\/\/facebook.com\/jokkmokkguiderna","article_modified_time":"2025-07-15T13:00:30+00:00","og_image":[{"width":1140,"height":760,"url":"http:\/\/jokkmokkguiderna.com\/wp-content\/uploads\/2024\/06\/high-mounains-dog-sledding-adventure-9dgr-18.jpg","type":"image\/jpeg"}],"twitter_card":"summary_large_image","twitter_misc":{"Est. reading time":"3 minutes"},"schema":{"@context":"https:\/\/schema.org","@graph":[{"@type":"WebPage","@id":"https:\/\/jokkmokkguiderna.com\/en\/tours\/dog-sledding-adventure-high-mountains-deep-forests","url":"https:\/\/jokkmokkguiderna.com\/en\/tours\/dog-sledding-adventure-high-mountains-deep-forests","name":"Dog Sledding Adventure - High Mountains & Deep Forests","isPartOf":{"@id":"https:\/\/jokkmokkguiderna.com\/#website"},"primaryImageOfPage":{"@id":"https:\/\/jokkmokkguiderna.com\/en\/tours\/dog-sledding-adventure-high-mountains-deep-forests#primaryimage"},"image":{"@id":"https:\/\/jokkmokkguiderna.com\/en\/tours\/dog-sledding-adventure-high-mountains-deep-forests#primaryimage"},"thumbnailUrl":"https:\/\/jokkmokkguiderna.com\/wp-content\/uploads\/2024\/06\/high-mounains-dog-sledding-adventure-9dgr-18.jpg","datePublished":"2024-06-13T14:38:44+00:00","dateModified":"2025-07-15T13:00:30+00:00","description":"A true dog sledding adventure starting at Saltoluokta Mountain Lodge and running over the bare mountains down to the snow covered woodlands of Jokkmokk.","breadcrumb":{"@id":"https:\/\/jokkmokkguiderna.com\/en\/tours\/dog-sledding-adventure-high-mountains-deep-forests#breadcrumb"},"inLanguage":"en-US","potentialAction":[{"@type":"ReadAction","target":["https:\/\/jokkmokkguiderna.com\/en\/tours\/dog-sledding-adventure-high-mountains-deep-forests"]}]},{"@type":"ImageObject","inLanguage":"en-US","@id":"https:\/\/jokkmokkguiderna.com\/en\/tours\/dog-sledding-adventure-high-mountains-deep-forests#primaryimage","url":"https:\/\/jokkmokkguiderna.com\/wp-content\/uploads\/2024\/06\/high-mounains-dog-sledding-adventure-9dgr-18.jpg","contentUrl":"https:\/\/jokkmokkguiderna.com\/wp-content\/uploads\/2024\/06\/high-mounains-dog-sledding-adventure-9dgr-18.jpg","width":1140,"height":760,"caption":"hundspanns\u00e4ventyr \u00f6ver h\u00f6ga fj\u00e4ll och djupa skogar"},{"@type":"BreadcrumbList","@id":"https:\/\/jokkmokkguiderna.com\/en\/tours\/dog-sledding-adventure-high-mountains-deep-forests#breadcrumb","itemListElement":[{"@type":"ListItem","position":1,"name":"Home","item":"https:\/\/jokkmokkguiderna.com\/en"},{"@type":"ListItem","position":2,"name":"Produkter","item":"https:\/\/jokkmokkguiderna.com\/shop"},{"@type":"ListItem","position":3,"name":"Dog Sledding Adventure &#8211; High Mountains &#038; Deep Forests, 9 days"}]},{"@type":"WebSite","@id":"https:\/\/jokkmokkguiderna.com\/#website","url":"https:\/\/jokkmokkguiderna.com\/","name":"Jokkmokkguiderna","description":"Dog sledding adventures and canoe and hiking tours in Swedish Lapland","publisher":{"@id":"https:\/\/jokkmokkguiderna.com\/#organization"},"potentialAction":[{"@type":"SearchAction","target":{"@type":"EntryPoint","urlTemplate":"https:\/\/jokkmokkguiderna.com\/?s={search_term_string}"},"query-input":{"@type":"PropertyValueSpecification","valueRequired":true,"valueName":"search_term_string"}}],"inLanguage":"en-US"},{"@type":"Organization","@id":"https:\/\/jokkmokkguiderna.com\/#organization","name":"Jokkmokkguiderna","url":"https:\/\/jokkmokkguiderna.com\/","logo":{"@type":"ImageObject","inLanguage":"en-US","@id":"https:\/\/jokkmokkguiderna.com\/#\/schema\/logo\/image\/","url":"https:\/\/jokkmokkguiderna.com\/wp-content\/uploads\/2017\/07\/logo-black-retina.png","contentUrl":"https:\/\/jokkmokkguiderna.com\/wp-content\/uploads\/2017\/07\/logo-black-retina.png","width":450,"height":236,"caption":"Jokkmokkguiderna"},"image":{"@id":"https:\/\/jokkmokkguiderna.com\/#\/schema\/logo\/image\/"},"sameAs":["http:\/\/facebook.com\/jokkmokkguiderna","http:\/\/instagram.com\/jokkmokkguiderna\/"]}]}},"_links":{"self":[{"href":"https:\/\/jokkmokkguiderna.com\/en\/wp-json\/wp\/v2\/product\/12432","targetHints":{"allow":["GET"]}}],"collection":[{"href":"https:\/\/jokkmokkguiderna.com\/en\/wp-json\/wp\/v2\/product"}],"about":[{"href":"https:\/\/jokkmokkguiderna.com\/en\/wp-json\/wp\/v2\/types\/product"}],"replies":[{"embeddable":true,"href":"https:\/\/jokkmokkguiderna.com\/en\/wp-json\/wp\/v2\/comments?post=12432"}],"wp:featuredmedia":[{"embeddable":true,"href":"https:\/\/jokkmokkguiderna.com\/en\/wp-json\/wp\/v2\/media\/12440"}],"wp:attachment":[{"href":"https:\/\/jokkmokkguiderna.com\/en\/wp-json\/wp\/v2\/media?parent=12432"}],"wp:term":[{"taxonomy":"product_brand","embeddable":true,"href":"https:\/\/jokkmokkguiderna.com\/en\/wp-json\/wp\/v2\/product_brand?post=12432"},{"taxonomy":"product_cat","embeddable":true,"href":"https:\/\/jokkmokkguiderna.com\/en\/wp-json\/wp\/v2\/product_cat?post=12432"},{"taxonomy":"product_tag","embeddable":true,"href":"https:\/\/jokkmokkguiderna.com\/en\/wp-json\/wp\/v2\/product_tag?post=12432"}],"curies":[{"name":"wp","href":"https:\/\/api.w.org\/{rel}","templated":true}]}}