{"id":12673,"date":"2025-07-09T17:34:01","date_gmt":"2025-07-09T15:34:01","guid":{"rendered":"https:\/\/jokkmokkguiderna.com\/?post_type=product&#038;p=12673"},"modified":"2025-07-15T15:01:47","modified_gmt":"2025-07-15T13:01:47","slug":"expedition-dog-sled-jokkmokk-border-mountains-12-days","status":"publish","type":"product","link":"https:\/\/jokkmokkguiderna.com\/en\/tours\/expedition-dog-sled-jokkmokk-border-mountains-12-days","title":{"rendered":"Expedition Dog Sled \u2013 Jokkmokk to the Border Mountains, 12 Days"},"content":{"rendered":"<p><strong>Experience an unforgettable long-distance dog sledding journey \u2013 from the snowy forests of Jokkmokk to the majestic border mountains near the Norwegian frontier. Over this expedition with dog sled, we travel through some of the most remote and awe-inspiring landscapes of Swedish Lapland: deep forests, frozen lakes, vast alpine plateaus and snow-covered valleys, ending in Tarradalen \u2013 considered by many to be one of the most beautiful valleys in the entire mountain range.<\/strong><\/p>\n<p>We stay in basic hunting cabins, camp in the wilderness, and spend our final nights in the comfortable mountain huts operated by the Swedish Tourist Association (STF). This is a true winter expedition for those seeking an authentic experience far from roads and comfort \u2013 where silence, cold and teamwork with your dog team create memories for life.<\/p>\n<p>The expedition is both physically and mentally demanding, and requires good fitness, a willingness to contribute to group tasks, and an open mindset toward nature\u2019s power. In return, you\u2019ll experience one of the most genuine wilderness adventures that Arctic Sweden has to offer.<\/p>\n<p>We travel through multiple climate zones and always adjust our route and plans to current weather conditions.<\/p>\n<div id=\"gallery_1\" class=\"gallery\">\n<div class=\"row gallery__items\">\n\t\t\t\t\t<div class=\"col-sm-4 gallery__item-wrap\" data-filterid=\"\">\n\t\t\t<a href=\"https:\/\/jokkmokkguiderna.com\/wp-content\/uploads\/2025\/07\/expedition-dog-sled-jmk-border-mountains-1.jpg\" class=\"swipebox gallery__item\" title=\"expedition-dog-sled-jmk-border-mountains-1\">\n\t\t\t\t<img decoding=\"async\" width=\"720\" height=\"480\" src=\"https:\/\/jokkmokkguiderna.com\/wp-content\/uploads\/2025\/07\/expedition-dog-sled-jmk-border-mountains-1-720x480.jpg\" class=\"attachment-thumb_gallery size-thumb_gallery\" alt=\"\" srcset=\"https:\/\/jokkmokkguiderna.com\/wp-content\/uploads\/2025\/07\/expedition-dog-sled-jmk-border-mountains-1-720x480.jpg 720w, https:\/\/jokkmokkguiderna.com\/wp-content\/uploads\/2025\/07\/expedition-dog-sled-jmk-border-mountains-1-300x200.jpg 300w, https:\/\/jokkmokkguiderna.com\/wp-content\/uploads\/2025\/07\/expedition-dog-sled-jmk-border-mountains-1-1024x683.jpg 1024w, https:\/\/jokkmokkguiderna.com\/wp-content\/uploads\/2025\/07\/expedition-dog-sled-jmk-border-mountains-1-768x512.jpg 768w, https:\/\/jokkmokkguiderna.com\/wp-content\/uploads\/2025\/07\/expedition-dog-sled-jmk-border-mountains-1-531x354.jpg 531w, https:\/\/jokkmokkguiderna.com\/wp-content\/uploads\/2025\/07\/expedition-dog-sled-jmk-border-mountains-1-600x400.jpg 600w, https:\/\/jokkmokkguiderna.com\/wp-content\/uploads\/2025\/07\/expedition-dog-sled-jmk-border-mountains-1-180x120.jpg 180w, https:\/\/jokkmokkguiderna.com\/wp-content\/uploads\/2025\/07\/expedition-dog-sled-jmk-border-mountains-1.jpg 1140w\" sizes=\"(max-width: 720px) 100vw, 720px\" \/>\t\t\t\t<span class=\"gallery__item__info\">\n\t\t\t\t\t<span class=\"gallery__item__info__content\">\n\t\t\t\t\t\t<span class=\"gallery__item__title\">Night Camp<\/span>\n\t\t\t\t\t\t\t\t\t\t<\/span>\n\t\t\t\t\t<span class=\"gallery__item__shadow\"><\/span>\n\t\t\t\t<\/span>\n\t\t\t<\/a>\n\t\t<\/div>\n\t\t\t\t\t<div class=\"col-sm-4 gallery__item-wrap\" data-filterid=\"\">\n\t\t\t<a href=\"https:\/\/jokkmokkguiderna.com\/wp-content\/uploads\/2025\/07\/expedition-dog-sled-jmk-border-mountains-6.jpg\" class=\"swipebox gallery__item\" title=\"expedition-dog-sled-jmk-border-mountains-6\">\n\t\t\t\t<img decoding=\"async\" width=\"720\" height=\"480\" src=\"https:\/\/jokkmokkguiderna.com\/wp-content\/uploads\/2025\/07\/expedition-dog-sled-jmk-border-mountains-6-720x480.jpg\" class=\"attachment-thumb_gallery size-thumb_gallery\" alt=\"\" srcset=\"https:\/\/jokkmokkguiderna.com\/wp-content\/uploads\/2025\/07\/expedition-dog-sled-jmk-border-mountains-6-720x480.jpg 720w, https:\/\/jokkmokkguiderna.com\/wp-content\/uploads\/2025\/07\/expedition-dog-sled-jmk-border-mountains-6-300x200.jpg 300w, https:\/\/jokkmokkguiderna.com\/wp-content\/uploads\/2025\/07\/expedition-dog-sled-jmk-border-mountains-6-1024x683.jpg 1024w, https:\/\/jokkmokkguiderna.com\/wp-content\/uploads\/2025\/07\/expedition-dog-sled-jmk-border-mountains-6-768x512.jpg 768w, https:\/\/jokkmokkguiderna.com\/wp-content\/uploads\/2025\/07\/expedition-dog-sled-jmk-border-mountains-6-531x354.jpg 531w, https:\/\/jokkmokkguiderna.com\/wp-content\/uploads\/2025\/07\/expedition-dog-sled-jmk-border-mountains-6-600x400.jpg 600w, https:\/\/jokkmokkguiderna.com\/wp-content\/uploads\/2025\/07\/expedition-dog-sled-jmk-border-mountains-6-180x120.jpg 180w, https:\/\/jokkmokkguiderna.com\/wp-content\/uploads\/2025\/07\/expedition-dog-sled-jmk-border-mountains-6.jpg 1140w\" sizes=\"(max-width: 720px) 100vw, 720px\" \/>\t\t\t\t<span class=\"gallery__item__info\">\n\t\t\t\t\t<span class=\"gallery__item__info__content\">\n\t\t\t\t\t\t<span class=\"gallery__item__title\">Nelson<\/span>\n\t\t\t\t\t\t\t\t\t\t<\/span>\n\t\t\t\t\t<span class=\"gallery__item__shadow\"><\/span>\n\t\t\t\t<\/span>\n\t\t\t<\/a>\n\t\t<\/div>\n\t\t\t\t\t<div class=\"col-sm-4 gallery__item-wrap\" data-filterid=\"\">\n\t\t\t<a href=\"https:\/\/jokkmokkguiderna.com\/wp-content\/uploads\/2025\/07\/expedition-dog-sled-jmk-border-mountains-2.jpg\" class=\"swipebox gallery__item\" title=\"expedition-dog-sled-jmk-border-mountains-2\">\n\t\t\t\t<img decoding=\"async\" width=\"720\" height=\"480\" src=\"https:\/\/jokkmokkguiderna.com\/wp-content\/uploads\/2025\/07\/expedition-dog-sled-jmk-border-mountains-2-720x480.jpg\" class=\"attachment-thumb_gallery size-thumb_gallery\" alt=\"expedition dog sled, jokkmokk, sweden, lapland\" srcset=\"https:\/\/jokkmokkguiderna.com\/wp-content\/uploads\/2025\/07\/expedition-dog-sled-jmk-border-mountains-2-720x480.jpg 720w, https:\/\/jokkmokkguiderna.com\/wp-content\/uploads\/2025\/07\/expedition-dog-sled-jmk-border-mountains-2-300x200.jpg 300w, https:\/\/jokkmokkguiderna.com\/wp-content\/uploads\/2025\/07\/expedition-dog-sled-jmk-border-mountains-2-1024x683.jpg 1024w, https:\/\/jokkmokkguiderna.com\/wp-content\/uploads\/2025\/07\/expedition-dog-sled-jmk-border-mountains-2-768x512.jpg 768w, https:\/\/jokkmokkguiderna.com\/wp-content\/uploads\/2025\/07\/expedition-dog-sled-jmk-border-mountains-2-531x354.jpg 531w, https:\/\/jokkmokkguiderna.com\/wp-content\/uploads\/2025\/07\/expedition-dog-sled-jmk-border-mountains-2-600x400.jpg 600w, https:\/\/jokkmokkguiderna.com\/wp-content\/uploads\/2025\/07\/expedition-dog-sled-jmk-border-mountains-2-180x120.jpg 180w, https:\/\/jokkmokkguiderna.com\/wp-content\/uploads\/2025\/07\/expedition-dog-sled-jmk-border-mountains-2.jpg 1140w\" sizes=\"(max-width: 720px) 100vw, 720px\" \/>\t\t\t\t<span class=\"gallery__item__info\">\n\t\t\t\t\t<span class=\"gallery__item__info__content\">\n\t\t\t\t\t\t<span class=\"gallery__item__title\">Matti, your guide, with his dog team<\/span>\n\t\t\t\t\t\t\t\t\t\t<\/span>\n\t\t\t\t\t<span class=\"gallery__item__shadow\"><\/span>\n\t\t\t\t<\/span>\n\t\t\t<\/a>\n\t\t<\/div>\n\t<\/div>\n<\/div>\n<hr \/>\n<h2 class=\"western\">DEPARTURE\/RETURN LOCATION<\/h2>\n<p>The tour starts in Jokkmokk and ends in \u00c5rrenjarka<\/p>\n<p><span lang=\"en-US\"><a href=\"https:\/\/jokkmokkguiderna.com\/en\/lapland-info\/travel-to-jokkmokk\/to-jokkmokk-from-arrenjarka\" class=\"atbtn atbtn--secondary atbtn--small\">\u00bb How to get here<\/a><\/span><\/p>\n<hr \/>\n<h2>INCLUDED<\/h2>\n<p><i class=\"fa fa-check icon-tick icon-tick--on\"><\/i> Experienced wilderness guide<br \/>\n<i class=\"fa fa-check icon-tick icon-tick--on\"><\/i> One dog team per person<br \/>\n<i class=\"fa fa-check icon-tick icon-tick--on\"><\/i> Warm jacket, pants, warm shoes, hat, gloves<br \/>\n<i class=\"fa fa-check icon-tick icon-tick--on\"><\/i> Sleeping bag and equipment for the tour<br \/>\n<i class=\"fa fa-check icon-tick icon-tick--on\"><\/i> Fullboard from breakfast day 1 until breakfast day 12 (Typical Lapland and Swedish food)<br \/>\n<i class=\"fa fa-check icon-tick icon-tick--on\"><\/i> Accommodation, 1 night at Jokkmokk Hostel \u00c5sg\u00e5rd (shared room), 1 night at \u00c5rrenjarka Mountain Lodge (shared room) and 9 nights in mountain huts and tents<\/p>\n<hr \/>\n<h2>NOT INCLUDED<\/h2>\n<p><i class=\"fa fa-times icon-tick icon-tick--off\"><\/i> Travel as well as transfer to Jokkmokk and from \u00c5rrenjarka<br \/>\n<i class=\"fa fa-times icon-tick icon-tick--off\"><\/i> Travel insurance<br \/>\n<i class=\"fa fa-times icon-tick icon-tick--off\"><\/i> Drinks at restaurants<\/p>\n<hr \/>\n<h2>OPTIONS<\/h2>\n<p>\u25cf Single room at Jokkmokk Hostel \u00c5sg\u00e5rd 295 SEK\/natt<br \/>\n\u25cf Private double room at Jokkmokk Hostel \u00c5sg\u00e5rd 100 kr\/natt<\/p>\n<hr \/>\n<h2><strong>BOOK NOW!<\/strong><\/h2>\n<p><strong>BEFORE YOU BOOK,<\/strong> make sure you read all information under the tabs <strong>ITINERARY<\/strong> and <strong>IMPORTANT INFO<\/strong> so you know what is required of you as a participant.<\/p>\n<p><strong><a href=\"https:\/\/jokkmokkguiderna.com\/en\/how-to-dog-sled\">\u00bbWhat it takes to join this adventure<\/a><\/strong><\/p>\n<p>Don\u2019t hesitate to\u00a0<a href=\"https:\/\/jokkmokkguiderna.com\/en\/about-us\/contact\">contact us<\/a>\u00a0if you have any questions.<\/p>\n<p><strong>Note!<\/strong> We will manually review the booking and confirm availability within the shortest possible time after receiving your order. Until your booking is confirmed no payment or charges will be applied.<\/p>\n<h2><span style=\"font-size: 12pt;\"><a href=\"https:\/\/jokkmokkguiderna.com\/en\/how-to-book-adventure\/terms-conditions-long-tours\">\u00bbTerms and conditions<\/a><\/span><\/h2>\n<p><script defer=\"defer\" type=\"text\/javascript\" src=\"https:\/\/jokkmokkguiderna.rezdy.com\/pluginJs\"><\/script> <iframe loading=\"lazy\" class=\"rezdy\" src=\"https:\/\/jokkmokkguiderna.rezdy.com\/calendarWidget\/717006?iframe=true\" width=\"300px\" height=\"1000px\" frameborder=\"0\" seamless=\"\"><\/iframe><\/p>\n<h2><\/h2>\n","protected":false},"excerpt":{"rendered":"<p>Experience an unforgettable long-distance dog sledding journey \u2013 from the snowy forests of Jokkmokk to the majestic border mountains near the Norwegian frontier. Over this expedition with dog sled, we travel through some of the most remote and awe-inspiring landscapes of Swedish Lapland: deep forests, frozen lakes, vast alpine plateaus and snow-covered valleys, ending in<\/p>\n<div class=\"padding-top text-center\"><a href=\"https:\/\/jokkmokkguiderna.com\/en\/tours\/expedition-dog-sled-jokkmokk-border-mountains-12-days\" class=\"atbtn atbtn--medium atbtn--rounded atbtn--transparent\">Read more<i class=\"atbtn__icon atbtn__icon--right fa fa-long-arrow-right\"><\/i><\/a><\/div>\n","protected":false},"featured_media":12687,"comment_status":"open","ping_status":"closed","template":"","meta":[],"product_brand":[],"product_cat":[551],"product_tag":[],"class_list":{"0":"post-12673","1":"product","2":"type-product","3":"status-publish","4":"has-post-thumbnail","6":"product_cat-uncategorized-en","7":"tour_category-dog-sled","8":"tour_category-long-dog-sled-tour","9":"tour_category-winter","11":"first","12":"instock","13":"taxable","14":"shipping-taxable","15":"purchasable","16":"product-type-tour"},"yoast_head":"<!-- This site is optimized with the Yoast SEO plugin v27.3 - https:\/\/yoast.com\/product\/yoast-seo-wordpress\/ -->\n<title>Expedition Dog Sled - Unforgettable and Demanding, 12 days<\/title>\n<meta name=\"description\" content=\"Unforgettable and demanding expedition with dog sled \u2013 from Jokkmokk to the majestic border mountains near the Norwegian frontier.\" \/>\n<meta name=\"robots\" content=\"index, follow, max-snippet:-1, max-image-preview:large, max-video-preview:-1\" \/>\n<link rel=\"canonical\" href=\"https:\/\/jokkmokkguiderna.com\/en\/tours\/expedition-dog-sled-jokkmokk-border-mountains-12-days\" \/>\n<meta property=\"og:locale\" content=\"en_US\" \/>\n<meta property=\"og:type\" content=\"article\" \/>\n<meta property=\"og:title\" content=\"Expedition Dog Sled - Unforgettable and Demanding, 12 days\" \/>\n<meta property=\"og:description\" content=\"Unforgettable and demanding expedition with dog sled \u2013 from Jokkmokk to the majestic border mountains near the Norwegian frontier.\" \/>\n<meta property=\"og:url\" content=\"https:\/\/jokkmokkguiderna.com\/en\/tours\/expedition-dog-sled-jokkmokk-border-mountains-12-days\" \/>\n<meta property=\"og:site_name\" content=\"Jokkmokkguiderna\" \/>\n<meta property=\"article:publisher\" content=\"http:\/\/facebook.com\/jokkmokkguiderna\" \/>\n<meta property=\"article:modified_time\" content=\"2025-07-15T13:01:47+00:00\" \/>\n<meta property=\"og:image\" content=\"http:\/\/jokkmokkguiderna.com\/wp-content\/uploads\/2025\/07\/expedition-dog-sled-jmk-border-mountains-3.jpg\" \/>\n\t<meta property=\"og:image:width\" content=\"1140\" \/>\n\t<meta property=\"og:image:height\" content=\"760\" \/>\n\t<meta property=\"og:image:type\" content=\"image\/jpeg\" \/>\n<meta name=\"twitter:card\" content=\"summary_large_image\" \/>\n<meta name=\"twitter:label1\" content=\"Est. reading time\" \/>\n\t<meta name=\"twitter:data1\" content=\"3 minutes\" \/>\n<script type=\"application\/ld+json\" class=\"yoast-schema-graph\">{\"@context\":\"https:\\\/\\\/schema.org\",\"@graph\":[{\"@type\":\"WebPage\",\"@id\":\"https:\\\/\\\/jokkmokkguiderna.com\\\/en\\\/tours\\\/expedition-dog-sled-jokkmokk-border-mountains-12-days\",\"url\":\"https:\\\/\\\/jokkmokkguiderna.com\\\/en\\\/tours\\\/expedition-dog-sled-jokkmokk-border-mountains-12-days\",\"name\":\"Expedition Dog Sled - Unforgettable and Demanding, 12 days\",\"isPartOf\":{\"@id\":\"https:\\\/\\\/jokkmokkguiderna.com\\\/#website\"},\"primaryImageOfPage\":{\"@id\":\"https:\\\/\\\/jokkmokkguiderna.com\\\/en\\\/tours\\\/expedition-dog-sled-jokkmokk-border-mountains-12-days#primaryimage\"},\"image\":{\"@id\":\"https:\\\/\\\/jokkmokkguiderna.com\\\/en\\\/tours\\\/expedition-dog-sled-jokkmokk-border-mountains-12-days#primaryimage\"},\"thumbnailUrl\":\"https:\\\/\\\/jokkmokkguiderna.com\\\/wp-content\\\/uploads\\\/2025\\\/07\\\/expedition-dog-sled-jmk-border-mountains-3.jpg\",\"datePublished\":\"2025-07-09T15:34:01+00:00\",\"dateModified\":\"2025-07-15T13:01:47+00:00\",\"description\":\"Unforgettable and demanding expedition with dog sled \u2013 from Jokkmokk to the majestic border mountains near the Norwegian frontier.\",\"breadcrumb\":{\"@id\":\"https:\\\/\\\/jokkmokkguiderna.com\\\/en\\\/tours\\\/expedition-dog-sled-jokkmokk-border-mountains-12-days#breadcrumb\"},\"inLanguage\":\"en-US\",\"potentialAction\":[{\"@type\":\"ReadAction\",\"target\":[\"https:\\\/\\\/jokkmokkguiderna.com\\\/en\\\/tours\\\/expedition-dog-sled-jokkmokk-border-mountains-12-days\"]}]},{\"@type\":\"ImageObject\",\"inLanguage\":\"en-US\",\"@id\":\"https:\\\/\\\/jokkmokkguiderna.com\\\/en\\\/tours\\\/expedition-dog-sled-jokkmokk-border-mountains-12-days#primaryimage\",\"url\":\"https:\\\/\\\/jokkmokkguiderna.com\\\/wp-content\\\/uploads\\\/2025\\\/07\\\/expedition-dog-sled-jmk-border-mountains-3.jpg\",\"contentUrl\":\"https:\\\/\\\/jokkmokkguiderna.com\\\/wp-content\\\/uploads\\\/2025\\\/07\\\/expedition-dog-sled-jmk-border-mountains-3.jpg\",\"width\":1140,\"height\":760,\"caption\":\"expedition dog sled, snow storm\"},{\"@type\":\"BreadcrumbList\",\"@id\":\"https:\\\/\\\/jokkmokkguiderna.com\\\/en\\\/tours\\\/expedition-dog-sled-jokkmokk-border-mountains-12-days#breadcrumb\",\"itemListElement\":[{\"@type\":\"ListItem\",\"position\":1,\"name\":\"Home\",\"item\":\"https:\\\/\\\/jokkmokkguiderna.com\\\/en\"},{\"@type\":\"ListItem\",\"position\":2,\"name\":\"Produkter\",\"item\":\"https:\\\/\\\/jokkmokkguiderna.com\\\/shop\"},{\"@type\":\"ListItem\",\"position\":3,\"name\":\"Expedition Dog Sled \u2013 Jokkmokk to the Border Mountains, 12 Days\"}]},{\"@type\":\"WebSite\",\"@id\":\"https:\\\/\\\/jokkmokkguiderna.com\\\/#website\",\"url\":\"https:\\\/\\\/jokkmokkguiderna.com\\\/\",\"name\":\"Jokkmokkguiderna\",\"description\":\"Dog sledding adventures and canoe and hiking tours in Swedish Lapland\",\"publisher\":{\"@id\":\"https:\\\/\\\/jokkmokkguiderna.com\\\/#organization\"},\"potentialAction\":[{\"@type\":\"SearchAction\",\"target\":{\"@type\":\"EntryPoint\",\"urlTemplate\":\"https:\\\/\\\/jokkmokkguiderna.com\\\/?s={search_term_string}\"},\"query-input\":{\"@type\":\"PropertyValueSpecification\",\"valueRequired\":true,\"valueName\":\"search_term_string\"}}],\"inLanguage\":\"en-US\"},{\"@type\":\"Organization\",\"@id\":\"https:\\\/\\\/jokkmokkguiderna.com\\\/#organization\",\"name\":\"Jokkmokkguiderna\",\"url\":\"https:\\\/\\\/jokkmokkguiderna.com\\\/\",\"logo\":{\"@type\":\"ImageObject\",\"inLanguage\":\"en-US\",\"@id\":\"https:\\\/\\\/jokkmokkguiderna.com\\\/#\\\/schema\\\/logo\\\/image\\\/\",\"url\":\"https:\\\/\\\/jokkmokkguiderna.com\\\/wp-content\\\/uploads\\\/2017\\\/07\\\/logo-black-retina.png\",\"contentUrl\":\"https:\\\/\\\/jokkmokkguiderna.com\\\/wp-content\\\/uploads\\\/2017\\\/07\\\/logo-black-retina.png\",\"width\":450,\"height\":236,\"caption\":\"Jokkmokkguiderna\"},\"image\":{\"@id\":\"https:\\\/\\\/jokkmokkguiderna.com\\\/#\\\/schema\\\/logo\\\/image\\\/\"},\"sameAs\":[\"http:\\\/\\\/facebook.com\\\/jokkmokkguiderna\",\"http:\\\/\\\/instagram.com\\\/jokkmokkguiderna\\\/\"]}]}<\/script>\n<!-- \/ Yoast SEO plugin. -->","yoast_head_json":{"title":"Expedition Dog Sled - Unforgettable and Demanding, 12 days","description":"Unforgettable and demanding expedition with dog sled \u2013 from Jokkmokk to the majestic border mountains near the Norwegian frontier.","robots":{"index":"index","follow":"follow","max-snippet":"max-snippet:-1","max-image-preview":"max-image-preview:large","max-video-preview":"max-video-preview:-1"},"canonical":"https:\/\/jokkmokkguiderna.com\/en\/tours\/expedition-dog-sled-jokkmokk-border-mountains-12-days","og_locale":"en_US","og_type":"article","og_title":"Expedition Dog Sled - Unforgettable and Demanding, 12 days","og_description":"Unforgettable and demanding expedition with dog sled \u2013 from Jokkmokk to the majestic border mountains near the Norwegian frontier.","og_url":"https:\/\/jokkmokkguiderna.com\/en\/tours\/expedition-dog-sled-jokkmokk-border-mountains-12-days","og_site_name":"Jokkmokkguiderna","article_publisher":"http:\/\/facebook.com\/jokkmokkguiderna","article_modified_time":"2025-07-15T13:01:47+00:00","og_image":[{"width":1140,"height":760,"url":"http:\/\/jokkmokkguiderna.com\/wp-content\/uploads\/2025\/07\/expedition-dog-sled-jmk-border-mountains-3.jpg","type":"image\/jpeg"}],"twitter_card":"summary_large_image","twitter_misc":{"Est. reading time":"3 minutes"},"schema":{"@context":"https:\/\/schema.org","@graph":[{"@type":"WebPage","@id":"https:\/\/jokkmokkguiderna.com\/en\/tours\/expedition-dog-sled-jokkmokk-border-mountains-12-days","url":"https:\/\/jokkmokkguiderna.com\/en\/tours\/expedition-dog-sled-jokkmokk-border-mountains-12-days","name":"Expedition Dog Sled - Unforgettable and Demanding, 12 days","isPartOf":{"@id":"https:\/\/jokkmokkguiderna.com\/#website"},"primaryImageOfPage":{"@id":"https:\/\/jokkmokkguiderna.com\/en\/tours\/expedition-dog-sled-jokkmokk-border-mountains-12-days#primaryimage"},"image":{"@id":"https:\/\/jokkmokkguiderna.com\/en\/tours\/expedition-dog-sled-jokkmokk-border-mountains-12-days#primaryimage"},"thumbnailUrl":"https:\/\/jokkmokkguiderna.com\/wp-content\/uploads\/2025\/07\/expedition-dog-sled-jmk-border-mountains-3.jpg","datePublished":"2025-07-09T15:34:01+00:00","dateModified":"2025-07-15T13:01:47+00:00","description":"Unforgettable and demanding expedition with dog sled \u2013 from Jokkmokk to the majestic border mountains near the Norwegian frontier.","breadcrumb":{"@id":"https:\/\/jokkmokkguiderna.com\/en\/tours\/expedition-dog-sled-jokkmokk-border-mountains-12-days#breadcrumb"},"inLanguage":"en-US","potentialAction":[{"@type":"ReadAction","target":["https:\/\/jokkmokkguiderna.com\/en\/tours\/expedition-dog-sled-jokkmokk-border-mountains-12-days"]}]},{"@type":"ImageObject","inLanguage":"en-US","@id":"https:\/\/jokkmokkguiderna.com\/en\/tours\/expedition-dog-sled-jokkmokk-border-mountains-12-days#primaryimage","url":"https:\/\/jokkmokkguiderna.com\/wp-content\/uploads\/2025\/07\/expedition-dog-sled-jmk-border-mountains-3.jpg","contentUrl":"https:\/\/jokkmokkguiderna.com\/wp-content\/uploads\/2025\/07\/expedition-dog-sled-jmk-border-mountains-3.jpg","width":1140,"height":760,"caption":"expedition dog sled, snow storm"},{"@type":"BreadcrumbList","@id":"https:\/\/jokkmokkguiderna.com\/en\/tours\/expedition-dog-sled-jokkmokk-border-mountains-12-days#breadcrumb","itemListElement":[{"@type":"ListItem","position":1,"name":"Home","item":"https:\/\/jokkmokkguiderna.com\/en"},{"@type":"ListItem","position":2,"name":"Produkter","item":"https:\/\/jokkmokkguiderna.com\/shop"},{"@type":"ListItem","position":3,"name":"Expedition Dog Sled \u2013 Jokkmokk to the Border Mountains, 12 Days"}]},{"@type":"WebSite","@id":"https:\/\/jokkmokkguiderna.com\/#website","url":"https:\/\/jokkmokkguiderna.com\/","name":"Jokkmokkguiderna","description":"Dog sledding adventures and canoe and hiking tours in Swedish Lapland","publisher":{"@id":"https:\/\/jokkmokkguiderna.com\/#organization"},"potentialAction":[{"@type":"SearchAction","target":{"@type":"EntryPoint","urlTemplate":"https:\/\/jokkmokkguiderna.com\/?s={search_term_string}"},"query-input":{"@type":"PropertyValueSpecification","valueRequired":true,"valueName":"search_term_string"}}],"inLanguage":"en-US"},{"@type":"Organization","@id":"https:\/\/jokkmokkguiderna.com\/#organization","name":"Jokkmokkguiderna","url":"https:\/\/jokkmokkguiderna.com\/","logo":{"@type":"ImageObject","inLanguage":"en-US","@id":"https:\/\/jokkmokkguiderna.com\/#\/schema\/logo\/image\/","url":"https:\/\/jokkmokkguiderna.com\/wp-content\/uploads\/2017\/07\/logo-black-retina.png","contentUrl":"https:\/\/jokkmokkguiderna.com\/wp-content\/uploads\/2017\/07\/logo-black-retina.png","width":450,"height":236,"caption":"Jokkmokkguiderna"},"image":{"@id":"https:\/\/jokkmokkguiderna.com\/#\/schema\/logo\/image\/"},"sameAs":["http:\/\/facebook.com\/jokkmokkguiderna","http:\/\/instagram.com\/jokkmokkguiderna\/"]}]}},"_links":{"self":[{"href":"https:\/\/jokkmokkguiderna.com\/en\/wp-json\/wp\/v2\/product\/12673","targetHints":{"allow":["GET"]}}],"collection":[{"href":"https:\/\/jokkmokkguiderna.com\/en\/wp-json\/wp\/v2\/product"}],"about":[{"href":"https:\/\/jokkmokkguiderna.com\/en\/wp-json\/wp\/v2\/types\/product"}],"replies":[{"embeddable":true,"href":"https:\/\/jokkmokkguiderna.com\/en\/wp-json\/wp\/v2\/comments?post=12673"}],"wp:featuredmedia":[{"embeddable":true,"href":"https:\/\/jokkmokkguiderna.com\/en\/wp-json\/wp\/v2\/media\/12687"}],"wp:attachment":[{"href":"https:\/\/jokkmokkguiderna.com\/en\/wp-json\/wp\/v2\/media?parent=12673"}],"wp:term":[{"taxonomy":"product_brand","embeddable":true,"href":"https:\/\/jokkmokkguiderna.com\/en\/wp-json\/wp\/v2\/product_brand?post=12673"},{"taxonomy":"product_cat","embeddable":true,"href":"https:\/\/jokkmokkguiderna.com\/en\/wp-json\/wp\/v2\/product_cat?post=12673"},{"taxonomy":"product_tag","embeddable":true,"href":"https:\/\/jokkmokkguiderna.com\/en\/wp-json\/wp\/v2\/product_tag?post=12673"}],"curies":[{"name":"wp","href":"https:\/\/api.w.org\/{rel}","templated":true}]}}